{"id":1893,"date":"2022-02-01T20:23:24","date_gmt":"2022-02-01T20:23:24","guid":{"rendered":"http:\/\/localhost\/?page_id=1893"},"modified":"2022-02-15T00:38:28","modified_gmt":"2022-02-15T00:38:28","slug":"zatvoren-projekt-ukljucivanje-javnosti-u-javne-rasprave-u-postupcima-zastite-okolisa-u-pandemijskim-uvjetima","status":"publish","type":"page","link":"https:\/\/huszpo.hr\/en\/zatvoren-projekt-ukljucivanje-javnosti-u-javne-rasprave-u-postupcima-zastite-okolisa-u-pandemijskim-uvjetima\/","title":{"rendered":"(CLOSED PROJECT) \u2018Public participation in environmental public hearing procedures during pandemic conditions'"},"content":{"rendered":"<div class=\"wp-block-columns is-layout-flex wp-container-core-columns-is-layout-9d6595d7 wp-block-columns-is-layout-flex\">\n<div class=\"wp-block-column is-layout-flow wp-block-column-is-layout-flow\" style=\"flex-basis:66.66%\">\n<p>Public participation in environmental decision-making is one of the most important environmental mechanisms, and special attention is paid to environmental impact assessment procedures involving the public and interested public through public hearing (public insight and public presentation). This project aims to create a framework for the smooth conduct of the public consultation process in environmental decision-making under the emerging conditions caused by the COVID-19 pandemic.<\/p>\n\n\n\n<p><strong>Specifi\u010dni cilj projekta<\/strong>&nbsp;je podr\u017eati kontinuitet javnih rasprava, naro\u010dito javnog izlaganja vezanih uz glavnu ocjenu prihvatljivosti zahvata za ekolo\u0161ku mre\u017eu, procjenu utjecaja na okoli\u0161 te strate\u0161ku procjenu utjecaja na okoli\u0161 u uvjetima u kojima su jo\u0161 uvijek ograni\u010dena velika okupljanja. Tako\u0111er se te\u017ei pru\u017eiti okvir za dugoro\u010dno unaprje\u0111enje sustava uklju\u010divanja javnosti u dono\u0161enje odluka o za\u0161titi okoli\u0161a.<\/p>\n\n\n\n<p><strong>Korisnici projekta<\/strong>&nbsp;su prvenstveno \u0161ira javnost i zainteresirana javnost u postupcima za\u0161tite okoli\u0161a, zatim javni sektor (Ministarstvo gospodarstva i odr\u017eivog razvoja, predstavnici javne uprave i samouprave), gospodarski sektor (predstavnici ovla\u0161tenika koji izra\u0111uju podloge za procjenu utjecaja na okoli\u0161 i investitori), civilni sektor (organizacije civilnog dru\u0161tva koje djeluju u podru\u010dju za\u0161tite prirode i okoli\u0161a), pravni akteri.<\/p>\n\n\n\n<p>Glavnu okosnicu&nbsp;<strong>projektnih aktivnosti<\/strong>&nbsp;\u010dine 3 konzultacijska kruga s dionicima u kojima se definiraju smjernice za javnu raspravu u uvjetima ograni\u010denog okupljanja te pilotiranje smjernica za javnu raspravu (javno izlaganje) na jednom od teku\u0107ih postupaka PUO\/SPUO koji \u0107e biti provedeni na jesen 2020.<\/p>\n\n\n\n<p><strong>Nositelj projekta<\/strong>: Udruga BIOM<\/p>\n\n\n\n<p><strong>Partner<\/strong>: Hrvatska udruga stru\u010dnjaka za\u0161tite prirode i okoli\u0161a (HUSZPO)<\/p>\n\n\n\n<p><strong>Vrijeme provedbe<\/strong>: 1. lipanj 2020. \u2013 30. studeni 2020.<\/p>\n\n\n\n<p><strong>Sufinanciranje<\/strong>: U okviru poziva za Ad hoc projekte&nbsp;<a href=\"https:\/\/acfcroatia.hr\/\"><em>Fonda za aktivno gra\u0111anstvo<\/em><\/a>&nbsp;&nbsp;u Hrvatskoj kao dio Europskog gospodarskog prostora i Norve\u0161kih financijskih mehanizama 2014. \u2013 2021.<sup>&nbsp;<\/sup>koje financiraju Island, Lihten\u0161tajn i Norve\u0161ka<\/p>\n\n\n\n<p><strong>Vrijednost projekta<\/strong>: 4.988,69 EUR<\/p>\n\n\n\n<figure class=\"wp-block-gallery has-nested-images columns-3 is-cropped wp-block-gallery-1 is-layout-flex wp-block-gallery-is-layout-flex\">\n<figure class=\"wp-block-image size-large\"><img decoding=\"async\" src=\"https:\/\/huszpo.hr\/wp-content\/uploads\/2022\/02\/pexels-fauxels-3184423-scaled.jpg\" alt=\"\"\/><\/figure>\n\n\n\n<figure class=\"wp-block-image size-large\"><img decoding=\"async\" src=\"https:\/\/huszpo.hr\/wp-content\/uploads\/2022\/02\/pexels-fauxels-3184431-scaled.jpg\" alt=\"\"\/><\/figure>\n\n\n\n<figure class=\"wp-block-image size-large\"><img loading=\"lazy\" decoding=\"async\" width=\"626\" height=\"1024\" data-id=\"2261\" src=\"https:\/\/huszpo.hr\/wp-content\/uploads\/2022\/02\/pexels-pixabay-356043-626x1024.jpg\" alt=\"\" class=\"wp-image-2261\" srcset=\"https:\/\/huszpo.hr\/wp-content\/uploads\/2022\/02\/pexels-pixabay-356043-626x1024.jpg 626w, https:\/\/huszpo.hr\/wp-content\/uploads\/2022\/02\/pexels-pixabay-356043-183x300.jpg 183w, https:\/\/huszpo.hr\/wp-content\/uploads\/2022\/02\/pexels-pixabay-356043-768x1257.jpg 768w, https:\/\/huszpo.hr\/wp-content\/uploads\/2022\/02\/pexels-pixabay-356043-938x1536.jpg 938w, https:\/\/huszpo.hr\/wp-content\/uploads\/2022\/02\/pexels-pixabay-356043-rotated.jpg 1173w\" sizes=\"auto, (max-width: 626px) 100vw, 626px\" \/><\/figure>\n<\/figure>\n<\/div>\n\n\n\n<div class=\"wp-block-column is-layout-flow wp-block-column-is-layout-flow\" style=\"flex-basis:33.33%\"><ul class=\"wp-block-latest-posts__list projekt-link wp-block-latest-posts\"><li><a class=\"wp-block-latest-posts__post-title\" href=\"https:\/\/huszpo.hr\/en\/2021\/05\/31\/nuzno-je-aktivnije-ukljucivanje-javnosti-u-javne-rasprave-u-postupcima-zastite-okolisa-neovisno-o-pandemijskim-uvjetima\/\">It is necessary to engage the public more actively in environmental public hearing procedures regardless of pandemic conditions<\/a><\/li>\n<li><a class=\"wp-block-latest-posts__post-title\" href=\"https:\/\/huszpo.hr\/en\/2020\/11\/27\/trazimo-vase-misljenje-na-smjernice-za-ukljucivanje-javnosti-u-javne-rasprave-u-postupcima-zastite-okolisa-u-pandemijskim-uvjetima\/\">We ask for your opinion on guidelines for involving the public in environmental public hearing procedures under pandemic conditions<\/a><\/li>\n<li><a class=\"wp-block-latest-posts__post-title\" href=\"https:\/\/huszpo.hr\/en\/2020\/11\/13\/13-11-2020-odrzana-treca-online-radionica-projekta-ukljucivanje-javnosti-u-javne-rasprave-u-postupcima-zastite-okolisa-u-pandemijskim-uvjetima\/\">Nov 13, 2020 third online workshop held for the project \"Public participation in environmental public hearing procedures during pandemic conditions\"<\/a><\/li>\n<li><a class=\"wp-block-latest-posts__post-title\" href=\"https:\/\/huszpo.hr\/en\/2020\/10\/09\/odrzana-druga-online-radionica-projekta-ukljucivanje-javnosti-u-javne-rasprave-u-postupcima-zastite-okolisa-u-pandemijskim-uvjetima\/\">Odr\u017eana druga online radionica projekta \u201eUklju\u010divanje javnosti u javne rasprave u postupcima za\u0161tite okoli\u0161a u pandemijskim uvjetima\u201c<\/a><\/li>\n<li><a class=\"wp-block-latest-posts__post-title\" href=\"https:\/\/huszpo.hr\/en\/2020\/10\/09\/projekt-ukljucivanje-javnosti-u-javne-rasprave-u-postupcima-zastite-okolisa-u-pandemijskim-uvjetima-zapoceo-1-6-2020\/\">Projekt \u2018Uklju\u010divanje javnosti u javne rasprave u postupcima za\u0161tite okoli\u0161a u pandemijskim uvjetima\u2019 zapo\u010deo 1.6.2020.<\/a><\/li>\n<li><a class=\"wp-block-latest-posts__post-title\" href=\"https:\/\/huszpo.hr\/en\/2020\/06\/10\/projekt-ukljucivanje-javnosti-u-javne-rasprave-u-postupcima-zastite-okolisa-u-pandemijskim-uvjetima\/\">Projekt: &#8216;Uklju\u010divanje javnosti u javne rasprave u postupcima za\u0161tite okoli\u0161a u pandemijskim uvjetima&#8217;<\/a><\/li>\n<li><a class=\"wp-block-latest-posts__post-title\" href=\"https:\/\/huszpo.hr\/en\/2020\/02\/07\/najava-druga-online-radionica-projekta-ukljucivanje-javnosti-u-javne-rasprave-u-postupcima-zastite-okolisa-u-pandemijskim-uvjetima\/\">Najava \u2013 druga online radionica projekta \u201eUklju\u010divanje javnosti u javne rasprave u postupcima za\u0161tite okoli\u0161a u pandemijskim uvjetima\u201c<\/a><\/li>\n<li><a class=\"wp-block-latest-posts__post-title\" href=\"https:\/\/huszpo.hr\/en\/2020\/02\/01\/10-9-2020-odrzana-prva-online-radionica-projekta-ukljucivanje-javnosti-u-javne-rasprave-u-postupcima-zastite-okolisa-u-pandemijskim-uvjetima\/\">10.9.2020. odr\u017eana prva online radionica projekta \u201eUklju\u010divanje javnosti u javne rasprave u postupcima za\u0161tite okoli\u0161a u pandemijskim uvjetima\u201c<\/a><\/li>\n<\/ul><\/div>\n<\/div>\n\n\n\n<section class=\"wp-block-uagb-section uagb-section__wrap uagb-section__background-undefined uagb-block-dff855ce\"><div class=\"uagb-section__overlay\"><\/div><div class=\"uagb-section__inner-wrap\">\n<figure class=\"wp-block-image size-full\"><img loading=\"lazy\" decoding=\"async\" width=\"300\" height=\"105\" src=\"http:\/\/localhost\/wp-content\/uploads\/2020\/08\/0.jpg\" alt=\"\" class=\"wp-image-339\"\/><\/figure>\n<\/div><\/section>\n\n\n\n<p><\/p>","protected":false},"excerpt":{"rendered":"<p>Sudjelovanje javnosti u odlu\u010divanju o aktivnostima koje utje\u010du na okoli\u0161 predstavlja jedno od va\u017enijih mehanizama za\u0161tite okoli\u0161a, a posebna se pa\u017enja posve\u0107uje postupcima procjene utjecaja zahvata na okoli\u0161 koji uklju\u010duju javnost i zainteresiranu javnost putem javne rasprave (javnog uvida i javnog izlaganja). Ovim projektom nastoji se stvoriti okvir za nesmetano provo\u0111enje postupka javnog savjetovanja prilikom&hellip;&nbsp;<a href=\"https:\/\/huszpo.hr\/en\/zatvoren-projekt-ukljucivanje-javnosti-u-javne-rasprave-u-postupcima-zastite-okolisa-u-pandemijskim-uvjetima\/\" rel=\"bookmark\">Read More &raquo;<span class=\"screen-reader-text\">(CLOSED PROJECT) \u2018Public participation in environmental public hearing procedures during pandemic conditions'<\/span><\/a><\/p>","protected":false},"author":2,"featured_media":0,"parent":0,"menu_order":0,"comment_status":"closed","ping_status":"closed","template":"","meta":{"_uag_custom_page_level_css":"","neve_meta_sidebar":"","neve_meta_container":"contained","neve_meta_enable_content_width":"","neve_meta_content_width":0,"neve_meta_title_alignment":"","neve_meta_author_avatar":"","neve_post_elements_order":"","neve_meta_disable_header":"","neve_meta_disable_footer":"","neve_meta_disable_title":"","footnotes":""},"class_list":["post-1893","page","type-page","status-publish","hentry"],"yoast_head":"<!-- This site is optimized with the Yoast SEO plugin v27.5 - https:\/\/yoast.com\/product\/yoast-seo-wordpress\/ -->\n<title>(ZATVOREN PROJEKT) \u2018Uklju\u010divanje javnosti u javne rasprave u postupcima za\u0161tite okoli\u0161a u pandemijskim uvjetima\u2019 - HUSZPO<\/title>\n<meta name=\"robots\" content=\"noindex, follow\" \/>\n<meta property=\"og:locale\" content=\"en_US\" \/>\n<meta property=\"og:type\" content=\"article\" \/>\n<meta property=\"og:title\" content=\"(ZATVOREN PROJEKT) \u2018Uklju\u010divanje javnosti u javne rasprave u postupcima za\u0161tite okoli\u0161a u pandemijskim uvjetima\u2019 - HUSZPO\" \/>\n<meta property=\"og:description\" content=\"Sudjelovanje javnosti u odlu\u010divanju o aktivnostima koje utje\u010du na okoli\u0161 predstavlja jedno od va\u017enijih mehanizama za\u0161tite okoli\u0161a, a posebna se pa\u017enja posve\u0107uje postupcima procjene utjecaja zahvata na okoli\u0161 koji uklju\u010duju javnost i zainteresiranu javnost putem javne rasprave (javnog uvida i javnog izlaganja). Ovim projektom nastoji se stvoriti okvir za nesmetano provo\u0111enje postupka javnog savjetovanja prilikom&hellip;&nbsp;Read More &raquo;(ZATVOREN PROJEKT) \u2018Uklju\u010divanje javnosti u javne rasprave u postupcima za\u0161tite okoli\u0161a u pandemijskim uvjetima\u2019\" \/>\n<meta property=\"og:url\" content=\"https:\/\/huszpo.hr\/en\/zatvoren-projekt-ukljucivanje-javnosti-u-javne-rasprave-u-postupcima-zastite-okolisa-u-pandemijskim-uvjetima\/\" \/>\n<meta property=\"og:site_name\" content=\"HUSZPO\" \/>\n<meta property=\"article:publisher\" content=\"https:\/\/www.facebook.com\/HUSZPO-107221977694653\" \/>\n<meta property=\"article:modified_time\" content=\"2022-02-15T00:38:28+00:00\" \/>\n<meta property=\"og:image\" content=\"https:\/\/huszpo.hr\/wp-content\/uploads\/2022\/02\/pexels-fauxels-3184423-scaled.jpg\" \/>\n<meta name=\"twitter:card\" content=\"summary_large_image\" \/>\n<meta name=\"twitter:site\" content=\"@huszpo\" \/>\n<meta name=\"twitter:label1\" content=\"Est. reading time\" \/>\n\t<meta name=\"twitter:data1\" content=\"3 minutes\" \/>\n<script type=\"application\/ld+json\" class=\"yoast-schema-graph\">{\"@context\":\"https:\\\/\\\/schema.org\",\"@graph\":[{\"@type\":\"WebPage\",\"@id\":\"https:\\\/\\\/huszpo.hr\\\/zatvoren-projekt-ukljucivanje-javnosti-u-javne-rasprave-u-postupcima-zastite-okolisa-u-pandemijskim-uvjetima\\\/\",\"url\":\"https:\\\/\\\/huszpo.hr\\\/zatvoren-projekt-ukljucivanje-javnosti-u-javne-rasprave-u-postupcima-zastite-okolisa-u-pandemijskim-uvjetima\\\/\",\"name\":\"(ZATVOREN PROJEKT) \u2018Uklju\u010divanje javnosti u javne rasprave u postupcima za\u0161tite okoli\u0161a u pandemijskim uvjetima\u2019 - HUSZPO\",\"isPartOf\":{\"@id\":\"https:\\\/\\\/huszpo.hr\\\/#website\"},\"primaryImageOfPage\":{\"@id\":\"https:\\\/\\\/huszpo.hr\\\/zatvoren-projekt-ukljucivanje-javnosti-u-javne-rasprave-u-postupcima-zastite-okolisa-u-pandemijskim-uvjetima\\\/#primaryimage\"},\"image\":{\"@id\":\"https:\\\/\\\/huszpo.hr\\\/zatvoren-projekt-ukljucivanje-javnosti-u-javne-rasprave-u-postupcima-zastite-okolisa-u-pandemijskim-uvjetima\\\/#primaryimage\"},\"thumbnailUrl\":\"https:\\\/\\\/huszpo.hr\\\/wp-content\\\/uploads\\\/2022\\\/02\\\/pexels-fauxels-3184423-scaled.jpg\",\"datePublished\":\"2022-02-01T20:23:24+00:00\",\"dateModified\":\"2022-02-15T00:38:28+00:00\",\"breadcrumb\":{\"@id\":\"https:\\\/\\\/huszpo.hr\\\/zatvoren-projekt-ukljucivanje-javnosti-u-javne-rasprave-u-postupcima-zastite-okolisa-u-pandemijskim-uvjetima\\\/#breadcrumb\"},\"inLanguage\":\"en-US\",\"potentialAction\":[{\"@type\":\"ReadAction\",\"target\":[\"https:\\\/\\\/huszpo.hr\\\/zatvoren-projekt-ukljucivanje-javnosti-u-javne-rasprave-u-postupcima-zastite-okolisa-u-pandemijskim-uvjetima\\\/\"]}]},{\"@type\":\"ImageObject\",\"inLanguage\":\"en-US\",\"@id\":\"https:\\\/\\\/huszpo.hr\\\/zatvoren-projekt-ukljucivanje-javnosti-u-javne-rasprave-u-postupcima-zastite-okolisa-u-pandemijskim-uvjetima\\\/#primaryimage\",\"url\":\"https:\\\/\\\/huszpo.hr\\\/wp-content\\\/uploads\\\/2022\\\/02\\\/pexels-fauxels-3184423-scaled.jpg\",\"contentUrl\":\"https:\\\/\\\/huszpo.hr\\\/wp-content\\\/uploads\\\/2022\\\/02\\\/pexels-fauxels-3184423-scaled.jpg\"},{\"@type\":\"BreadcrumbList\",\"@id\":\"https:\\\/\\\/huszpo.hr\\\/zatvoren-projekt-ukljucivanje-javnosti-u-javne-rasprave-u-postupcima-zastite-okolisa-u-pandemijskim-uvjetima\\\/#breadcrumb\",\"itemListElement\":[{\"@type\":\"ListItem\",\"position\":1,\"name\":\"Po\u010detna stranica\",\"item\":\"https:\\\/\\\/huszpo.hr\\\/\"},{\"@type\":\"ListItem\",\"position\":2,\"name\":\"(ZATVOREN PROJEKT) \u2018Uklju\u010divanje javnosti u javne rasprave u postupcima za\u0161tite okoli\u0161a u pandemijskim uvjetima\u2019\"}]},{\"@type\":\"WebSite\",\"@id\":\"https:\\\/\\\/huszpo.hr\\\/#website\",\"url\":\"https:\\\/\\\/huszpo.hr\\\/\",\"name\":\"HUSZPO\",\"description\":\"\",\"publisher\":{\"@id\":\"https:\\\/\\\/huszpo.hr\\\/#organization\"},\"potentialAction\":[{\"@type\":\"SearchAction\",\"target\":{\"@type\":\"EntryPoint\",\"urlTemplate\":\"https:\\\/\\\/huszpo.hr\\\/?s={search_term_string}\"},\"query-input\":{\"@type\":\"PropertyValueSpecification\",\"valueRequired\":true,\"valueName\":\"search_term_string\"}}],\"inLanguage\":\"en-US\"},{\"@type\":\"Organization\",\"@id\":\"https:\\\/\\\/huszpo.hr\\\/#organization\",\"name\":\"HUSZPO\",\"url\":\"https:\\\/\\\/huszpo.hr\\\/\",\"logo\":{\"@type\":\"ImageObject\",\"inLanguage\":\"en-US\",\"@id\":\"https:\\\/\\\/huszpo.hr\\\/#\\\/schema\\\/logo\\\/image\\\/\",\"url\":\"http:\\\/\\\/localhost\\\/wp-content\\\/uploads\\\/2020\\\/08\\\/vlxssa_O_400x400.jpg\",\"contentUrl\":\"http:\\\/\\\/localhost\\\/wp-content\\\/uploads\\\/2020\\\/08\\\/vlxssa_O_400x400.jpg\",\"width\":400,\"height\":400,\"caption\":\"HUSZPO\"},\"image\":{\"@id\":\"https:\\\/\\\/huszpo.hr\\\/#\\\/schema\\\/logo\\\/image\\\/\"},\"sameAs\":[\"https:\\\/\\\/www.facebook.com\\\/HUSZPO-107221977694653\",\"https:\\\/\\\/x.com\\\/huszpo\"]}]}<\/script>\n<!-- \/ Yoast SEO plugin. -->","yoast_head_json":{"title":"(ZATVOREN PROJEKT) \u2018Uklju\u010divanje javnosti u javne rasprave u postupcima za\u0161tite okoli\u0161a u pandemijskim uvjetima\u2019 - HUSZPO","robots":{"index":"noindex","follow":"follow"},"og_locale":"en_US","og_type":"article","og_title":"(ZATVOREN PROJEKT) \u2018Uklju\u010divanje javnosti u javne rasprave u postupcima za\u0161tite okoli\u0161a u pandemijskim uvjetima\u2019 - HUSZPO","og_description":"Sudjelovanje javnosti u odlu\u010divanju o aktivnostima koje utje\u010du na okoli\u0161 predstavlja jedno od va\u017enijih mehanizama za\u0161tite okoli\u0161a, a posebna se pa\u017enja posve\u0107uje postupcima procjene utjecaja zahvata na okoli\u0161 koji uklju\u010duju javnost i zainteresiranu javnost putem javne rasprave (javnog uvida i javnog izlaganja). Ovim projektom nastoji se stvoriti okvir za nesmetano provo\u0111enje postupka javnog savjetovanja prilikom&hellip;&nbsp;Read More &raquo;(ZATVOREN PROJEKT) \u2018Uklju\u010divanje javnosti u javne rasprave u postupcima za\u0161tite okoli\u0161a u pandemijskim uvjetima\u2019","og_url":"https:\/\/huszpo.hr\/en\/zatvoren-projekt-ukljucivanje-javnosti-u-javne-rasprave-u-postupcima-zastite-okolisa-u-pandemijskim-uvjetima\/","og_site_name":"HUSZPO","article_publisher":"https:\/\/www.facebook.com\/HUSZPO-107221977694653","article_modified_time":"2022-02-15T00:38:28+00:00","og_image":[{"url":"https:\/\/huszpo.hr\/wp-content\/uploads\/2022\/02\/pexels-fauxels-3184423-scaled.jpg","type":"","width":"","height":""}],"twitter_card":"summary_large_image","twitter_site":"@huszpo","twitter_misc":{"Est. reading time":"3 minutes"},"schema":{"@context":"https:\/\/schema.org","@graph":[{"@type":"WebPage","@id":"https:\/\/huszpo.hr\/zatvoren-projekt-ukljucivanje-javnosti-u-javne-rasprave-u-postupcima-zastite-okolisa-u-pandemijskim-uvjetima\/","url":"https:\/\/huszpo.hr\/zatvoren-projekt-ukljucivanje-javnosti-u-javne-rasprave-u-postupcima-zastite-okolisa-u-pandemijskim-uvjetima\/","name":"(ZATVOREN PROJEKT) \u2018Uklju\u010divanje javnosti u javne rasprave u postupcima za\u0161tite okoli\u0161a u pandemijskim uvjetima\u2019 - HUSZPO","isPartOf":{"@id":"https:\/\/huszpo.hr\/#website"},"primaryImageOfPage":{"@id":"https:\/\/huszpo.hr\/zatvoren-projekt-ukljucivanje-javnosti-u-javne-rasprave-u-postupcima-zastite-okolisa-u-pandemijskim-uvjetima\/#primaryimage"},"image":{"@id":"https:\/\/huszpo.hr\/zatvoren-projekt-ukljucivanje-javnosti-u-javne-rasprave-u-postupcima-zastite-okolisa-u-pandemijskim-uvjetima\/#primaryimage"},"thumbnailUrl":"https:\/\/huszpo.hr\/wp-content\/uploads\/2022\/02\/pexels-fauxels-3184423-scaled.jpg","datePublished":"2022-02-01T20:23:24+00:00","dateModified":"2022-02-15T00:38:28+00:00","breadcrumb":{"@id":"https:\/\/huszpo.hr\/zatvoren-projekt-ukljucivanje-javnosti-u-javne-rasprave-u-postupcima-zastite-okolisa-u-pandemijskim-uvjetima\/#breadcrumb"},"inLanguage":"en-US","potentialAction":[{"@type":"ReadAction","target":["https:\/\/huszpo.hr\/zatvoren-projekt-ukljucivanje-javnosti-u-javne-rasprave-u-postupcima-zastite-okolisa-u-pandemijskim-uvjetima\/"]}]},{"@type":"ImageObject","inLanguage":"en-US","@id":"https:\/\/huszpo.hr\/zatvoren-projekt-ukljucivanje-javnosti-u-javne-rasprave-u-postupcima-zastite-okolisa-u-pandemijskim-uvjetima\/#primaryimage","url":"https:\/\/huszpo.hr\/wp-content\/uploads\/2022\/02\/pexels-fauxels-3184423-scaled.jpg","contentUrl":"https:\/\/huszpo.hr\/wp-content\/uploads\/2022\/02\/pexels-fauxels-3184423-scaled.jpg"},{"@type":"BreadcrumbList","@id":"https:\/\/huszpo.hr\/zatvoren-projekt-ukljucivanje-javnosti-u-javne-rasprave-u-postupcima-zastite-okolisa-u-pandemijskim-uvjetima\/#breadcrumb","itemListElement":[{"@type":"ListItem","position":1,"name":"Po\u010detna stranica","item":"https:\/\/huszpo.hr\/"},{"@type":"ListItem","position":2,"name":"(ZATVOREN PROJEKT) \u2018Uklju\u010divanje javnosti u javne rasprave u postupcima za\u0161tite okoli\u0161a u pandemijskim uvjetima\u2019"}]},{"@type":"WebSite","@id":"https:\/\/huszpo.hr\/#website","url":"https:\/\/huszpo.hr\/","name":"HUSZPO","description":"","publisher":{"@id":"https:\/\/huszpo.hr\/#organization"},"potentialAction":[{"@type":"SearchAction","target":{"@type":"EntryPoint","urlTemplate":"https:\/\/huszpo.hr\/?s={search_term_string}"},"query-input":{"@type":"PropertyValueSpecification","valueRequired":true,"valueName":"search_term_string"}}],"inLanguage":"en-US"},{"@type":"Organization","@id":"https:\/\/huszpo.hr\/#organization","name":"HUSZPO","url":"https:\/\/huszpo.hr\/","logo":{"@type":"ImageObject","inLanguage":"en-US","@id":"https:\/\/huszpo.hr\/#\/schema\/logo\/image\/","url":"http:\/\/localhost\/wp-content\/uploads\/2020\/08\/vlxssa_O_400x400.jpg","contentUrl":"http:\/\/localhost\/wp-content\/uploads\/2020\/08\/vlxssa_O_400x400.jpg","width":400,"height":400,"caption":"HUSZPO"},"image":{"@id":"https:\/\/huszpo.hr\/#\/schema\/logo\/image\/"},"sameAs":["https:\/\/www.facebook.com\/HUSZPO-107221977694653","https:\/\/x.com\/huszpo"]}]}},"uagb_featured_image_src":{"full":false,"thumbnail":false,"medium":false,"medium_large":false,"large":false,"xl":false,"xxl":false,"xxxl":false,"xxxxl":false,"xxxxxl":false,"1536x1536":false,"2048x2048":false,"trp-custom-language-flag":false,"neve-blog":false},"uagb_author_info":{"display_name":"Filip Kuna","author_link":"https:\/\/huszpo.hr\/en\/author\/filip1kuna2\/"},"uagb_comment_info":0,"uagb_excerpt":"Sudjelovanje javnosti u odlu\u010divanju o aktivnostima koje utje\u010du na okoli\u0161 predstavlja jedno od va\u017enijih mehanizama za\u0161tite okoli\u0161a, a posebna se pa\u017enja posve\u0107uje postupcima procjene utjecaja zahvata na okoli\u0161 koji uklju\u010duju javnost i zainteresiranu javnost putem javne rasprave (javnog uvida i javnog izlaganja). Ovim projektom nastoji se stvoriti okvir za nesmetano provo\u0111enje postupka javnog savjetovanja prilikom&hellip;&nbsp;Read&hellip;","_links":{"self":[{"href":"https:\/\/huszpo.hr\/en\/wp-json\/wp\/v2\/pages\/1893","targetHints":{"allow":["GET"]}}],"collection":[{"href":"https:\/\/huszpo.hr\/en\/wp-json\/wp\/v2\/pages"}],"about":[{"href":"https:\/\/huszpo.hr\/en\/wp-json\/wp\/v2\/types\/page"}],"author":[{"embeddable":true,"href":"https:\/\/huszpo.hr\/en\/wp-json\/wp\/v2\/users\/2"}],"replies":[{"embeddable":true,"href":"https:\/\/huszpo.hr\/en\/wp-json\/wp\/v2\/comments?post=1893"}],"version-history":[{"count":17,"href":"https:\/\/huszpo.hr\/en\/wp-json\/wp\/v2\/pages\/1893\/revisions"}],"predecessor-version":[{"id":2324,"href":"https:\/\/huszpo.hr\/en\/wp-json\/wp\/v2\/pages\/1893\/revisions\/2324"}],"wp:attachment":[{"href":"https:\/\/huszpo.hr\/en\/wp-json\/wp\/v2\/media?parent=1893"}],"curies":[{"name":"wp","href":"https:\/\/api.w.org\/{rel}","templated":true}]}}