{"id":1957,"date":"2022-02-07T18:45:38","date_gmt":"2022-02-07T18:45:38","guid":{"rendered":"http:\/\/localhost\/?page_id=1957"},"modified":"2025-02-20T17:49:32","modified_gmt":"2025-02-20T17:49:32","slug":"puo-konferencija","status":"publish","type":"page","link":"https:\/\/huszpo.hr\/en\/puo-konferencija\/","title":{"rendered":"Conference"},"content":{"rendered":"<section class=\"wp-block-uagb-section uagb-section__wrap uagb-section__background-undefined uagb-block-3c098743\"><div class=\"uagb-section__overlay\"><\/div><div class=\"uagb-section__inner-wrap\">\n<div class=\"wp-block-columns is-layout-flex wp-container-core-columns-is-layout-9d6595d7 wp-block-columns-is-layout-flex\">\n<div class=\"wp-block-column is-layout-flow wp-block-column-is-layout-flow\" style=\"flex-basis:66.66%\">\n<p><strong>Regionalna konferencija o procjeni utjecaja na okoli\u0161\u00a0<\/strong>je doga\u0111anje u organizaciji\u00a0<strong>HUSZPO<\/strong>, do sada odr\u017eano pet puta u razli\u010ditim gradovima Hrvatske.\u00a0<\/p>\n\n\n\n<p>Sve su bile iznimno uspje\u0161ne. Na svakoj je odr\u017eano stotinjak stru\u010dnih izlaganja i nekoliko okruglih stolova na razli\u010dite teme. Svaka konferencija je imala vi\u0161e od 300 sudionika \u2013 ovla\u0161tenika, znanstvenika, predstavnika javnih tijela, predstavnika lokalne i regionalne uprave, nevladinih udruga, stru\u010dnjaka za odnose s javno\u0161\u0107u, predstavnike medija te investitore iz Hrvatske, regije, ali i \u0161ire.<\/p>\n\n\n\n<p>Kroz sva svoja izdanja, konferencija se prometnula u va\u017ean doga\u0111aj, ne samo za Hrvatsku, ve\u0107 i za \u0161iru regiju. Konferencija se naime pokazala kao iznimna prilika za stvaranje poznanstava i dogovaranje suradnje stru\u010dnih tvrtki iz razli\u010ditih zemalja, ali jo\u0161 i zna\u010dajnije, kao platforma kroz koju hrvatski i inozemni stru\u010dnjaci te drugi dionici postupaka, kroz dijeljenje svojih iskustava, poma\u017eu svojim kolegama iz zemalja regije na njihovom putu prema \u010dlanstvu u Europskoj uniji.<\/p>\n\n\n\n<p>Petu konferenciju o ovoj tematici pod nazivom \u201eOkoli\u0161ne procjene i Europski zeleni plan \u201922\u201c organiziramo i kao europsku konferenciju, s ciljem poticanja ve\u0107eg sudjelovanja sudionika iz Europe, kao i stavljanja okoli\u0161nih procjena u kontekst Europskog zelenog plana, smatraju\u0107i ih nu\u017enim alatima za smanjenje ranjivosti i pove\u0107anje otpornosti ekosustava na klimatske promjene te odr\u017eanje ekolo\u0161ke mre\u017ee Natura 2000.<\/p>\n\n\n\n<p>Zahvaljujemo pokroviteljima, partnerskim organizacijama,&nbsp;\u010dlanovima odbora, autorima, uvodni\u010darima, panelistima okruglih stolova, moderatorima, sudionicima te svima ostalima na njihovom doprinosu realizaciji ove konferencije.<\/p>\n\n\n\n<p>Tako\u0111er, posebno se zahvaljujemo svim&nbsp;sponzorima&nbsp;bez \u010dije financijske potpore ova konferencija ne bi mogla biti organizirana.<\/p>\n\n\n\n<div class=\"wp-block-buttons is-layout-flex wp-block-buttons-is-layout-flex\">\n<div class=\"wp-block-button is-style-primary\"><a class=\"wp-block-button__link has-neve-link-hover-color-color has-text-color\">FIND OUT MORE<\/a><\/div>\n<\/div>\n<\/div>\n\n\n\n<div class=\"wp-block-column mobilefull has-neve-link-color-background-color has-background is-layout-flow wp-block-column-is-layout-flow\" style=\"flex-basis:33.33%\">\n<section class=\"wp-block-uagb-section uagb-section__wrap uagb-section__background-undefined uagb-block-217b8bab\"><div class=\"uagb-section__overlay\"><\/div><div class=\"uagb-section__inner-wrap\">\n<figure class=\"wp-block-gallery has-nested-images columns-1 is-cropped uag-masonry uagb-block-e161be41 wp-block-gallery-1 is-layout-flex wp-block-gallery-is-layout-flex\">\n<figure class=\"wp-block-image size-large\"><img decoding=\"async\" src=\"https:\/\/huszpo.hr\/wp-content\/uploads\/2022\/02\/03_Opening-Ceremony_2015.jpg\" alt=\"\"\/><\/figure>\n\n\n\n<figure class=\"wp-block-image size-large\"><img decoding=\"async\" src=\"https:\/\/huszpo.hr\/wp-content\/uploads\/2022\/02\/4thConferenceOnEnvironmentalImpactAssessment-HUSZPO-Day1_2019-1024x683.jpg\" alt=\"\"\/><\/figure>\n\n\n\n<figure class=\"wp-block-image size-large\"><img decoding=\"async\" src=\"https:\/\/huszpo.hr\/wp-content\/uploads\/2022\/02\/4thConferenceOnEnvironmentalImpactAssessment-HUSZPO-Day3_2019-1024x683.jpg\" alt=\"\"\/><\/figure>\n\n\n\n<figure class=\"wp-block-image size-large\"><img decoding=\"async\" src=\"https:\/\/huszpo.hr\/wp-content\/uploads\/2022\/02\/DSC_7506_2013-1024x650.jpg\" alt=\"\"\/><\/figure>\n\n\n\n<figure class=\"wp-block-image size-large\"><img decoding=\"async\" src=\"https:\/\/huszpo.hr\/wp-content\/uploads\/2022\/02\/DSCN4559_2017-1024x768.jpg\" alt=\"\"\/><\/figure>\n\n\n\n<figure class=\"wp-block-image size-large\"><img decoding=\"async\" src=\"https:\/\/huszpo.hr\/wp-content\/uploads\/2022\/02\/DSCN4603_2017-1024x768.jpg\" alt=\"\"\/><\/figure>\n\n\n\n<figure class=\"wp-block-image size-large\"><img decoding=\"async\" src=\"https:\/\/huszpo.hr\/wp-content\/uploads\/2022\/02\/EIA_2015.jpg\" alt=\"\"\/><\/figure>\n<\/figure>\n<\/div><\/section>\n<\/div>\n<\/div>\n<\/div><\/section>\n\n\n\n<p><\/p>","protected":false},"excerpt":{"rendered":"","protected":false},"author":2,"featured_media":0,"parent":0,"menu_order":0,"comment_status":"closed","ping_status":"closed","template":"","meta":{"_uag_custom_page_level_css":"","neve_meta_sidebar":"","neve_meta_container":"","neve_meta_enable_content_width":"","neve_meta_content_width":0,"neve_meta_title_alignment":"","neve_meta_author_avatar":"","neve_post_elements_order":"","neve_meta_disable_header":"","neve_meta_disable_footer":"","neve_meta_disable_title":"","footnotes":""},"class_list":["post-1957","page","type-page","status-publish","hentry"],"yoast_head":"<!-- This site is optimized with the Yoast SEO plugin v27.5 - https:\/\/yoast.com\/product\/yoast-seo-wordpress\/ -->\n<title>Konferencija - HUSZPO<\/title>\n<meta name=\"robots\" content=\"noindex, follow\" \/>\n<meta property=\"og:locale\" content=\"en_US\" \/>\n<meta property=\"og:type\" content=\"article\" \/>\n<meta property=\"og:title\" content=\"Konferencija - HUSZPO\" \/>\n<meta property=\"og:url\" content=\"https:\/\/huszpo.hr\/en\/puo-konferencija\/\" \/>\n<meta property=\"og:site_name\" content=\"HUSZPO\" \/>\n<meta property=\"article:publisher\" content=\"https:\/\/www.facebook.com\/HUSZPO-107221977694653\" \/>\n<meta property=\"article:modified_time\" content=\"2025-02-20T17:49:32+00:00\" \/>\n<meta property=\"og:image\" content=\"https:\/\/huszpo.hr\/wp-content\/uploads\/2022\/02\/03_Opening-Ceremony_2015.jpg\" \/>\n<meta name=\"twitter:card\" content=\"summary_large_image\" \/>\n<meta name=\"twitter:site\" content=\"@huszpo\" \/>\n<meta name=\"twitter:label1\" content=\"Est. reading time\" \/>\n\t<meta name=\"twitter:data1\" content=\"3 minutes\" \/>\n<script type=\"application\/ld+json\" class=\"yoast-schema-graph\">{\"@context\":\"https:\\\/\\\/schema.org\",\"@graph\":[{\"@type\":\"WebPage\",\"@id\":\"https:\\\/\\\/huszpo.hr\\\/puo-konferencija\\\/\",\"url\":\"https:\\\/\\\/huszpo.hr\\\/puo-konferencija\\\/\",\"name\":\"Konferencija - HUSZPO\",\"isPartOf\":{\"@id\":\"https:\\\/\\\/huszpo.hr\\\/#website\"},\"primaryImageOfPage\":{\"@id\":\"https:\\\/\\\/huszpo.hr\\\/puo-konferencija\\\/#primaryimage\"},\"image\":{\"@id\":\"https:\\\/\\\/huszpo.hr\\\/puo-konferencija\\\/#primaryimage\"},\"thumbnailUrl\":\"https:\\\/\\\/huszpo.hr\\\/wp-content\\\/uploads\\\/2022\\\/02\\\/03_Opening-Ceremony_2015.jpg\",\"datePublished\":\"2022-02-07T18:45:38+00:00\",\"dateModified\":\"2025-02-20T17:49:32+00:00\",\"breadcrumb\":{\"@id\":\"https:\\\/\\\/huszpo.hr\\\/puo-konferencija\\\/#breadcrumb\"},\"inLanguage\":\"en-US\",\"potentialAction\":[{\"@type\":\"ReadAction\",\"target\":[\"https:\\\/\\\/huszpo.hr\\\/puo-konferencija\\\/\"]}]},{\"@type\":\"ImageObject\",\"inLanguage\":\"en-US\",\"@id\":\"https:\\\/\\\/huszpo.hr\\\/puo-konferencija\\\/#primaryimage\",\"url\":\"https:\\\/\\\/huszpo.hr\\\/wp-content\\\/uploads\\\/2022\\\/02\\\/03_Opening-Ceremony_2015.jpg\",\"contentUrl\":\"https:\\\/\\\/huszpo.hr\\\/wp-content\\\/uploads\\\/2022\\\/02\\\/03_Opening-Ceremony_2015.jpg\"},{\"@type\":\"BreadcrumbList\",\"@id\":\"https:\\\/\\\/huszpo.hr\\\/puo-konferencija\\\/#breadcrumb\",\"itemListElement\":[{\"@type\":\"ListItem\",\"position\":1,\"name\":\"Po\u010detna stranica\",\"item\":\"https:\\\/\\\/huszpo.hr\\\/\"},{\"@type\":\"ListItem\",\"position\":2,\"name\":\"Konferencija\"}]},{\"@type\":\"WebSite\",\"@id\":\"https:\\\/\\\/huszpo.hr\\\/#website\",\"url\":\"https:\\\/\\\/huszpo.hr\\\/\",\"name\":\"HUSZPO\",\"description\":\"\",\"publisher\":{\"@id\":\"https:\\\/\\\/huszpo.hr\\\/#organization\"},\"potentialAction\":[{\"@type\":\"SearchAction\",\"target\":{\"@type\":\"EntryPoint\",\"urlTemplate\":\"https:\\\/\\\/huszpo.hr\\\/?s={search_term_string}\"},\"query-input\":{\"@type\":\"PropertyValueSpecification\",\"valueRequired\":true,\"valueName\":\"search_term_string\"}}],\"inLanguage\":\"en-US\"},{\"@type\":\"Organization\",\"@id\":\"https:\\\/\\\/huszpo.hr\\\/#organization\",\"name\":\"HUSZPO\",\"url\":\"https:\\\/\\\/huszpo.hr\\\/\",\"logo\":{\"@type\":\"ImageObject\",\"inLanguage\":\"en-US\",\"@id\":\"https:\\\/\\\/huszpo.hr\\\/#\\\/schema\\\/logo\\\/image\\\/\",\"url\":\"http:\\\/\\\/localhost\\\/wp-content\\\/uploads\\\/2020\\\/08\\\/vlxssa_O_400x400.jpg\",\"contentUrl\":\"http:\\\/\\\/localhost\\\/wp-content\\\/uploads\\\/2020\\\/08\\\/vlxssa_O_400x400.jpg\",\"width\":400,\"height\":400,\"caption\":\"HUSZPO\"},\"image\":{\"@id\":\"https:\\\/\\\/huszpo.hr\\\/#\\\/schema\\\/logo\\\/image\\\/\"},\"sameAs\":[\"https:\\\/\\\/www.facebook.com\\\/HUSZPO-107221977694653\",\"https:\\\/\\\/x.com\\\/huszpo\"]}]}<\/script>\n<!-- \/ Yoast SEO plugin. -->","yoast_head_json":{"title":"Konferencija - HUSZPO","robots":{"index":"noindex","follow":"follow"},"og_locale":"en_US","og_type":"article","og_title":"Konferencija - HUSZPO","og_url":"https:\/\/huszpo.hr\/en\/puo-konferencija\/","og_site_name":"HUSZPO","article_publisher":"https:\/\/www.facebook.com\/HUSZPO-107221977694653","article_modified_time":"2025-02-20T17:49:32+00:00","og_image":[{"url":"https:\/\/huszpo.hr\/wp-content\/uploads\/2022\/02\/03_Opening-Ceremony_2015.jpg","type":"","width":"","height":""}],"twitter_card":"summary_large_image","twitter_site":"@huszpo","twitter_misc":{"Est. reading time":"3 minutes"},"schema":{"@context":"https:\/\/schema.org","@graph":[{"@type":"WebPage","@id":"https:\/\/huszpo.hr\/puo-konferencija\/","url":"https:\/\/huszpo.hr\/puo-konferencija\/","name":"Konferencija - HUSZPO","isPartOf":{"@id":"https:\/\/huszpo.hr\/#website"},"primaryImageOfPage":{"@id":"https:\/\/huszpo.hr\/puo-konferencija\/#primaryimage"},"image":{"@id":"https:\/\/huszpo.hr\/puo-konferencija\/#primaryimage"},"thumbnailUrl":"https:\/\/huszpo.hr\/wp-content\/uploads\/2022\/02\/03_Opening-Ceremony_2015.jpg","datePublished":"2022-02-07T18:45:38+00:00","dateModified":"2025-02-20T17:49:32+00:00","breadcrumb":{"@id":"https:\/\/huszpo.hr\/puo-konferencija\/#breadcrumb"},"inLanguage":"en-US","potentialAction":[{"@type":"ReadAction","target":["https:\/\/huszpo.hr\/puo-konferencija\/"]}]},{"@type":"ImageObject","inLanguage":"en-US","@id":"https:\/\/huszpo.hr\/puo-konferencija\/#primaryimage","url":"https:\/\/huszpo.hr\/wp-content\/uploads\/2022\/02\/03_Opening-Ceremony_2015.jpg","contentUrl":"https:\/\/huszpo.hr\/wp-content\/uploads\/2022\/02\/03_Opening-Ceremony_2015.jpg"},{"@type":"BreadcrumbList","@id":"https:\/\/huszpo.hr\/puo-konferencija\/#breadcrumb","itemListElement":[{"@type":"ListItem","position":1,"name":"Po\u010detna stranica","item":"https:\/\/huszpo.hr\/"},{"@type":"ListItem","position":2,"name":"Konferencija"}]},{"@type":"WebSite","@id":"https:\/\/huszpo.hr\/#website","url":"https:\/\/huszpo.hr\/","name":"HUSZPO","description":"","publisher":{"@id":"https:\/\/huszpo.hr\/#organization"},"potentialAction":[{"@type":"SearchAction","target":{"@type":"EntryPoint","urlTemplate":"https:\/\/huszpo.hr\/?s={search_term_string}"},"query-input":{"@type":"PropertyValueSpecification","valueRequired":true,"valueName":"search_term_string"}}],"inLanguage":"en-US"},{"@type":"Organization","@id":"https:\/\/huszpo.hr\/#organization","name":"HUSZPO","url":"https:\/\/huszpo.hr\/","logo":{"@type":"ImageObject","inLanguage":"en-US","@id":"https:\/\/huszpo.hr\/#\/schema\/logo\/image\/","url":"http:\/\/localhost\/wp-content\/uploads\/2020\/08\/vlxssa_O_400x400.jpg","contentUrl":"http:\/\/localhost\/wp-content\/uploads\/2020\/08\/vlxssa_O_400x400.jpg","width":400,"height":400,"caption":"HUSZPO"},"image":{"@id":"https:\/\/huszpo.hr\/#\/schema\/logo\/image\/"},"sameAs":["https:\/\/www.facebook.com\/HUSZPO-107221977694653","https:\/\/x.com\/huszpo"]}]}},"uagb_featured_image_src":{"full":false,"thumbnail":false,"medium":false,"medium_large":false,"large":false,"xl":false,"xxl":false,"xxxl":false,"xxxxl":false,"xxxxxl":false,"1536x1536":false,"2048x2048":false,"trp-custom-language-flag":false,"neve-blog":false},"uagb_author_info":{"display_name":"Filip Kuna","author_link":"https:\/\/huszpo.hr\/en\/author\/filip1kuna2\/"},"uagb_comment_info":0,"uagb_excerpt":null,"_links":{"self":[{"href":"https:\/\/huszpo.hr\/en\/wp-json\/wp\/v2\/pages\/1957","targetHints":{"allow":["GET"]}}],"collection":[{"href":"https:\/\/huszpo.hr\/en\/wp-json\/wp\/v2\/pages"}],"about":[{"href":"https:\/\/huszpo.hr\/en\/wp-json\/wp\/v2\/types\/page"}],"author":[{"embeddable":true,"href":"https:\/\/huszpo.hr\/en\/wp-json\/wp\/v2\/users\/2"}],"replies":[{"embeddable":true,"href":"https:\/\/huszpo.hr\/en\/wp-json\/wp\/v2\/comments?post=1957"}],"version-history":[{"count":12,"href":"https:\/\/huszpo.hr\/en\/wp-json\/wp\/v2\/pages\/1957\/revisions"}],"predecessor-version":[{"id":2454,"href":"https:\/\/huszpo.hr\/en\/wp-json\/wp\/v2\/pages\/1957\/revisions\/2454"}],"wp:attachment":[{"href":"https:\/\/huszpo.hr\/en\/wp-json\/wp\/v2\/media?parent=1957"}],"curies":[{"name":"wp","href":"https:\/\/api.w.org\/{rel}","templated":true}]}}