{"id":1998,"date":"2022-02-10T17:58:00","date_gmt":"2022-02-10T17:58:00","guid":{"rendered":"http:\/\/localhost\/?page_id=1998"},"modified":"2022-05-06T09:29:31","modified_gmt":"2022-05-06T09:29:31","slug":"clanarina-i-kriteriji","status":"publish","type":"page","link":"https:\/\/huszpo.hr\/en\/clanarina-i-kriteriji\/","title":{"rendered":"Membership and criteria"},"content":{"rendered":"<section class=\"wp-block-uagb-section uagb-section__wrap uagb-section__background-undefined uagb-block-38b05188\"><div class=\"uagb-section__overlay\"><\/div><div class=\"uagb-section__inner-wrap\">\n<div class=\"wp-block-columns\">\n<div class=\"wp-block-column\" style=\"flex-basis:50%\">\n<p><strong>Temeljem Odluke o osnivanju HUSZPO te prema odluci Upravnog odbora od 3.5.2022. visina \u010dlanarine utvr\u0111uje se sukladno broju zaposlenih osoba u za\u0161titi okoli\u0161a svake \u010dlanice (pravne osobe) te za individualne \u010dlanove, na na\u010din kako slijedi<\/strong>:<\/p>\n\n\n\n<p>Individualni \u010dlanovi: \u010dlanarina 200,00 kn<\/p>\n\n\n\n<p>\u010clanica \u2013 broj zaposlenih u za\u0161titi okoli\u0161a do 10: \u010dlanarina 3.000,00 kn<\/p>\n\n\n\n<p>\u010clanica \u2013 broj zaposlenih u za\u0161titi okoli\u0161a od 11 do 50: \u010dlanarina 4.000,00 kn<\/p>\n\n\n\n<p>\u010clanica \u2013 broj zaposlenih u za\u0161titi okoli\u0161a 51 i vi\u0161e: \u010dlanarina 5.000,00 kn<\/p>\n\n\n\n<p><strong>Kriteriji za primanje fizi\u010dkih osoba u \u010dlanstvo HUSZPO su sukladno odluci Upravnog odbora od 8.6.2020. su slijede\u0107i:<\/strong><\/p>\n\n\n\n<p>U izdvojenom postupku razmatraju se zahtjevi za primanje u \u010dlanstvo HUSZPO stru\u010dnjaka koji nisu dr\u017eavljani Republike Hrvatske.<\/p>\n\n\n\n<ol><li>da je gra\u0111anka\/-in Republike Hrvatske<\/li><li>da ima VSS<\/li><li>da aktivno djeluje u podru\u010dju za\u0161tite prirode i okoli\u0161a (bilo na profesionalnoj, bilo na volonterskoj bazi), \u0161to podrazumijeva:<\/li><li>da je zaposlen kod ovla\u0161tenika za poslove za\u0161tite prirode\/okoli\u0161a u svojstvu ovla\u0161tene osobe i\/ili<\/li><li>da ima najmanje 3 godine iskustva na znanstveno-stru\u010dnim i stru\u010dnim poslovima za\u0161tite okoli\u0161a i za\u0161tite prirode u tijelima dr\u017eavne uprave regionalne i lokalne samouprave ili javnim institucijama koje se bave upravno-stru\u010dnim poslovima za\u0161tite prirode i\/ili<\/li><li>da je sudski vje\u0161tak iz podru\u010dja za\u0161tite okoli\u0161a ili za\u0161tite prirode i\/ili<\/li><li>da kao samostalni stru\u010dnjak ili uposlenik pravne osobe koja nema ovla\u0161tenja za poslove za\u0161tite prirode\/okoli\u0161a posjeduje relevantne stru\u010dne i znanstvene reference iz podru\u010dja za\u0161tite prirode\/okoli\u0161a i\/ili<\/li><li>da je autor ili suautor stru\u010dnih ili znanstvenih radova iz podru\u010dja za\u0161tite okoli\u0161a i za\u0161tite prirode i\/ili<\/li><li>da je bio voditelj ili samostalni izra\u0111iva\u010d studijskih\/tematskih cjelina na dokumentima propisanim propisima iz podru\u010dja za\u0161tite okoli\u0161a i za\u0161tite prirode (studije, strategije, elaborati, ocjene i dr.)<\/li><li>da prihva\u0107a Statut i druge akte Udruge<\/li><\/ol>\n\n\n\n<p><\/p>\n<\/div>\n\n\n\n<div class=\"wp-block-column mobilefull has-nv-dark-bg-background-color has-background\" style=\"flex-basis:50%\">\n<section class=\"wp-block-uagb-section uagb-section__wrap uagb-section__background-undefined uagb-block-c4ae3c1d\"><div class=\"uagb-section__overlay\"><\/div><div class=\"uagb-section__inner-wrap\">\n<h2 id=\"zahtjev-za-clanstvom\">Zahtjev za \u010dlanstvom:<\/h2>\n\n\n\n<p><\/p>\n\n\n\n<div class=\"wp-block-contact-form-7-contact-form-selector\"><div role=\"form\" class=\"wpcf7\" id=\"wpcf7-f604-o1\" lang=\"hr\" dir=\"ltr\">\n<div class=\"screen-reader-response\"><p role=\"status\" aria-live=\"polite\" aria-atomic=\"true\"><\/p> <ul><\/ul><\/div>\n<form action=\"\/en\/wp-json\/wp\/v2\/pages\/1998#wpcf7-f604-o1\" method=\"post\" class=\"wpcf7-form init\" enctype=\"multipart\/form-data\" novalidate=\"novalidate\" data-status=\"init\" data-trp-original-action=\"\/en\/wp-json\/wp\/v2\/pages\/1998#wpcf7-f604-o1\">\n<div style=\"display: none;\">\n<input type=\"hidden\" name=\"_wpcf7\" value=\"604\" \/>\n<input type=\"hidden\" name=\"_wpcf7_version\" value=\"5.5.6\" \/>\n<input type=\"hidden\" name=\"_wpcf7_locale\" value=\"hr\" \/>\n<input type=\"hidden\" name=\"_wpcf7_unit_tag\" value=\"wpcf7-f604-o1\" \/>\n<input type=\"hidden\" name=\"_wpcf7_container_post\" value=\"0\" \/>\n<input type=\"hidden\" name=\"_wpcf7_posted_data_hash\" value=\"\" \/>\n<input type=\"hidden\" name=\"_wpcf7_recaptcha_response\" value=\"\" \/>\n<\/div>\n<p><label> Puni naziv tvrtke (prilo\u017eiti kopiju registracije)<br>Ime i prezime (individualni \u010dlan)*<br \/>\n    <span class=\"wpcf7-form-control-wrap your-name\"><input type=\"text\" name=\"your-name\" value=\"\" size=\"40\" class=\"wpcf7-form-control wpcf7-text wpcf7-validates-as-required\" aria-required=\"true\" aria-invalid=\"false\" \/><\/span> <\/label><\/p>\n<p><label> Adresa sjedi\u0161ta:*<br \/>\n    <span class=\"wpcf7-form-control-wrap your-address\"><input type=\"text\" name=\"your-address\" value=\"\" size=\"40\" class=\"wpcf7-form-control wpcf7-text\" aria-invalid=\"false\" \/><\/span> <\/label><\/p>\n<p><label> OIB tvrtke \/ osobe:*<br \/>\n    <span class=\"wpcf7-form-control-wrap your-ID\"><input type=\"text\" name=\"your-ID\" value=\"\" size=\"40\" class=\"wpcf7-form-control wpcf7-text\" aria-invalid=\"false\" \/><\/span> <\/label><\/p>\n<p><label> Brojevi telefona \/ faxa:*<br \/>\n    <span class=\"wpcf7-form-control-wrap your-message\"><input type=\"text\" name=\"your-message\" value=\"\" size=\"40\" class=\"wpcf7-form-control wpcf7-text\" aria-invalid=\"false\" \/><\/span> <\/label><\/p>\n<p><label> Email:* (obavezno)<br \/>\n    <span class=\"wpcf7-form-control-wrap your-email\"><input type=\"text\" name=\"your-email\" value=\"\" size=\"40\" class=\"wpcf7-form-control wpcf7-text\" aria-invalid=\"false\" \/><\/span> <\/label><\/p>\n<p><label> Dobivene suglasnosti tijela dr\u017eavne uprave (prilo\u017eiti kopije)<br><br \/>\nslu\u010daju da se radi o individualnom \u010dlanu prilo\u017eiti CV :* <br><br \/>\n<span class=\"wpcf7-form-control-wrap uploaded-file\"><input type=\"file\" name=\"uploaded-file\" size=\"40\" class=\"wpcf7-form-control wpcf7-file wpcf7-validates-as-required\" accept=\".doc,.docx,.pdf,.txt,.gif,.jpg,.jpeg,.png\" aria-required=\"true\" aria-invalid=\"false\" \/><\/span><br \/>\n <\/label><\/p>\n<p><span class=\"wpcf7-form-control-wrap acceptance-937\"><span class=\"wpcf7-form-control wpcf7-acceptance\"><span class=\"wpcf7-list-item\"><input type=\"checkbox\" name=\"acceptance-937\" value=\"1\" aria-invalid=\"false\" \/><\/span><\/span><\/span> Prihva\u0107am <a href=\"https:\/\/huszpo.hr\/en\/pravila-privatnosti\/\">pravila privatnosti<\/a>.<br><\/p>\n<p><input type=\"submit\" value=\"Po\u0161alji\" class=\"wpcf7-form-control has-spinner wpcf7-submit\" \/><\/p>\n<p style=\"display: none !important;\"><label>&#916;<textarea name=\"_wpcf7_ak_hp_textarea\" cols=\"45\" rows=\"8\" maxlength=\"100\"><\/textarea><\/label><input type=\"hidden\" id=\"ak_js_1\" name=\"_wpcf7_ak_js\" value=\"197\"\/><script>document.getElementById( \"ak_js_1\" ).setAttribute( \"value\", ( new Date() ).getTime() );<\/script><\/p><div class=\"wpcf7-response-output\" aria-hidden=\"true\"><\/div><input type=\"hidden\" name=\"trp-form-language\" value=\"en\"\/><\/form><\/div><\/div>\n<\/div><\/section>\n<\/div>\n<\/div>\n<\/div><\/section>","protected":false},"excerpt":{"rendered":"","protected":false},"author":2,"featured_media":0,"parent":0,"menu_order":0,"comment_status":"closed","ping_status":"closed","template":"","meta":{"neve_meta_sidebar":"","neve_meta_container":"","neve_meta_enable_content_width":"","neve_meta_content_width":0,"neve_meta_title_alignment":"","neve_meta_author_avatar":"","neve_post_elements_order":"","neve_meta_disable_header":"","neve_meta_disable_footer":"","neve_meta_disable_title":"","_ti_tpc_template_sync":false,"_ti_tpc_template_id":""},"featured_image_urls":{"full":"","thumbnail":"","medium":"","medium_large":"","large":"","xl":"","xxl":"","xxxl":"","xxxxl":"","xxxxxl":"","1536x1536":"","2048x2048":"","trp-custom-language-flag":"","neve-blog":""},"post_excerpt_stackable":"<p>Temeljem Odluke o osnivanju HUSZPO te prema odluci Upravnog odbora od 3.5.2022. visina \u010dlanarine utvr\u0111uje se sukladno broju zaposlenih osoba u za\u0161titi okoli\u0161a svake \u010dlanice (pravne osobe) te za individualne \u010dlanove, na na\u010din kako slijedi: Individualni \u010dlanovi: \u010dlanarina 200,00 kn \u010clanica \u2013 broj zaposlenih u za\u0161titi okoli\u0161a do 10: \u010dlanarina 3.000,00 kn \u010clanica \u2013 broj zaposlenih u za\u0161titi okoli\u0161a od 11 do 50: \u010dlanarina 4.000,00 kn \u010clanica \u2013 broj zaposlenih u za\u0161titi okoli\u0161a 51 i vi\u0161e: \u010dlanarina 5.000,00 kn Kriteriji za primanje fizi\u010dkih osoba u \u010dlanstvo HUSZPO su sukladno odluci Upravnog odbora od 8.6.2020. su slijede\u0107i: U izdvojenom postupku razmatraju&hellip;<\/p>\n","category_list":"","author_info":{"name":"Filip Kuna","url":"https:\/\/huszpo.hr\/en\/author\/filip1kuna2\/"},"comments_num":"0 comments","yoast_head":"<!-- This site is optimized with the Yoast SEO plugin v18.8 - https:\/\/yoast.com\/wordpress\/plugins\/seo\/ -->\n<title>\u010clanstvo i kriteriji - HUSZPO<\/title>\n<meta name=\"robots\" content=\"noindex, follow\" \/>\n<meta property=\"og:locale\" content=\"en_US\" \/>\n<meta property=\"og:type\" content=\"article\" \/>\n<meta property=\"og:title\" content=\"\u010clanstvo i kriteriji - HUSZPO\" \/>\n<meta property=\"og:url\" content=\"https:\/\/huszpo.hr\/en\/clanarina-i-kriteriji\/\" \/>\n<meta property=\"og:site_name\" content=\"HUSZPO\" \/>\n<meta property=\"article:publisher\" content=\"https:\/\/www.facebook.com\/HUSZPO-107221977694653\" \/>\n<meta property=\"article:modified_time\" content=\"2022-05-06T09:29:31+00:00\" \/>\n<meta name=\"twitter:card\" content=\"summary_large_image\" \/>\n<meta name=\"twitter:site\" content=\"@huszpo\" \/>\n<meta name=\"twitter:label1\" content=\"Est. reading time\" \/>\n\t<meta name=\"twitter:data1\" content=\"2 minutes\" \/>\n<script type=\"application\/ld+json\" class=\"yoast-schema-graph\">{\"@context\":\"https:\/\/schema.org\",\"@graph\":[{\"@type\":\"Organization\",\"@id\":\"https:\/\/huszpo.hr\/#organization\",\"name\":\"HUSZPO\",\"url\":\"https:\/\/huszpo.hr\/\",\"sameAs\":[\"https:\/\/www.facebook.com\/HUSZPO-107221977694653\",\"https:\/\/www.linkedin.com\/in\/huszpo-hrvatska-udruga-stru\u010dnjaka-za\u0161tite-prirode-i-okoli\u0161a-2a52481b2\/\",\"https:\/\/twitter.com\/huszpo\"],\"logo\":{\"@type\":\"ImageObject\",\"inLanguage\":\"en-US\",\"@id\":\"https:\/\/huszpo.hr\/#\/schema\/logo\/image\/\",\"url\":\"http:\/\/localhost\/wp-content\/uploads\/2020\/08\/vlxssa_O_400x400.jpg\",\"contentUrl\":\"http:\/\/localhost\/wp-content\/uploads\/2020\/08\/vlxssa_O_400x400.jpg\",\"width\":400,\"height\":400,\"caption\":\"HUSZPO\"},\"image\":{\"@id\":\"https:\/\/huszpo.hr\/#\/schema\/logo\/image\/\"}},{\"@type\":\"WebSite\",\"@id\":\"https:\/\/huszpo.hr\/#website\",\"url\":\"https:\/\/huszpo.hr\/\",\"name\":\"HUSZPO\",\"description\":\"\",\"publisher\":{\"@id\":\"https:\/\/huszpo.hr\/#organization\"},\"potentialAction\":[{\"@type\":\"SearchAction\",\"target\":{\"@type\":\"EntryPoint\",\"urlTemplate\":\"https:\/\/huszpo.hr\/?s={search_term_string}\"},\"query-input\":\"required name=search_term_string\"}],\"inLanguage\":\"en-US\"},{\"@type\":\"WebPage\",\"@id\":\"https:\/\/huszpo.hr\/clanarina-i-kriteriji\/#webpage\",\"url\":\"https:\/\/huszpo.hr\/clanarina-i-kriteriji\/\",\"name\":\"\u010clanstvo i kriteriji - HUSZPO\",\"isPartOf\":{\"@id\":\"https:\/\/huszpo.hr\/#website\"},\"datePublished\":\"2022-02-10T17:58:00+00:00\",\"dateModified\":\"2022-05-06T09:29:31+00:00\",\"breadcrumb\":{\"@id\":\"https:\/\/huszpo.hr\/clanarina-i-kriteriji\/#breadcrumb\"},\"inLanguage\":\"en-US\",\"potentialAction\":[{\"@type\":\"ReadAction\",\"target\":[\"https:\/\/huszpo.hr\/clanarina-i-kriteriji\/\"]}]},{\"@type\":\"BreadcrumbList\",\"@id\":\"https:\/\/huszpo.hr\/clanarina-i-kriteriji\/#breadcrumb\",\"itemListElement\":[{\"@type\":\"ListItem\",\"position\":1,\"name\":\"Po\u010detna stranica\",\"item\":\"https:\/\/huszpo.hr\/\"},{\"@type\":\"ListItem\",\"position\":2,\"name\":\"\u010clanstvo i kriteriji\"}]}]}<\/script>\n<!-- \/ Yoast SEO plugin. -->","yoast_head_json":{"title":"\u010clanstvo i kriteriji - HUSZPO","robots":{"index":"noindex","follow":"follow"},"og_locale":"en_US","og_type":"article","og_title":"\u010clanstvo i kriteriji - HUSZPO","og_url":"https:\/\/huszpo.hr\/en\/clanarina-i-kriteriji\/","og_site_name":"HUSZPO","article_publisher":"https:\/\/www.facebook.com\/HUSZPO-107221977694653","article_modified_time":"2022-05-06T09:29:31+00:00","twitter_card":"summary_large_image","twitter_site":"@huszpo","twitter_misc":{"Est. reading time":"2 minutes"},"schema":{"@context":"https:\/\/schema.org","@graph":[{"@type":"Organization","@id":"https:\/\/huszpo.hr\/#organization","name":"HUSZPO","url":"https:\/\/huszpo.hr\/","sameAs":["https:\/\/www.facebook.com\/HUSZPO-107221977694653","https:\/\/www.linkedin.com\/in\/huszpo-hrvatska-udruga-stru\u010dnjaka-za\u0161tite-prirode-i-okoli\u0161a-2a52481b2\/","https:\/\/twitter.com\/huszpo"],"logo":{"@type":"ImageObject","inLanguage":"en-US","@id":"https:\/\/huszpo.hr\/#\/schema\/logo\/image\/","url":"http:\/\/localhost\/wp-content\/uploads\/2020\/08\/vlxssa_O_400x400.jpg","contentUrl":"http:\/\/localhost\/wp-content\/uploads\/2020\/08\/vlxssa_O_400x400.jpg","width":400,"height":400,"caption":"HUSZPO"},"image":{"@id":"https:\/\/huszpo.hr\/#\/schema\/logo\/image\/"}},{"@type":"WebSite","@id":"https:\/\/huszpo.hr\/#website","url":"https:\/\/huszpo.hr\/","name":"HUSZPO","description":"","publisher":{"@id":"https:\/\/huszpo.hr\/#organization"},"potentialAction":[{"@type":"SearchAction","target":{"@type":"EntryPoint","urlTemplate":"https:\/\/huszpo.hr\/?s={search_term_string}"},"query-input":"required name=search_term_string"}],"inLanguage":"en-US"},{"@type":"WebPage","@id":"https:\/\/huszpo.hr\/clanarina-i-kriteriji\/#webpage","url":"https:\/\/huszpo.hr\/clanarina-i-kriteriji\/","name":"\u010clanstvo i kriteriji - HUSZPO","isPartOf":{"@id":"https:\/\/huszpo.hr\/#website"},"datePublished":"2022-02-10T17:58:00+00:00","dateModified":"2022-05-06T09:29:31+00:00","breadcrumb":{"@id":"https:\/\/huszpo.hr\/clanarina-i-kriteriji\/#breadcrumb"},"inLanguage":"en-US","potentialAction":[{"@type":"ReadAction","target":["https:\/\/huszpo.hr\/clanarina-i-kriteriji\/"]}]},{"@type":"BreadcrumbList","@id":"https:\/\/huszpo.hr\/clanarina-i-kriteriji\/#breadcrumb","itemListElement":[{"@type":"ListItem","position":1,"name":"Po\u010detna stranica","item":"https:\/\/huszpo.hr\/"},{"@type":"ListItem","position":2,"name":"\u010clanstvo i kriteriji"}]}]}},"uagb_featured_image_src":{"full":false,"thumbnail":false,"medium":false,"medium_large":false,"large":false,"xl":false,"xxl":false,"xxxl":false,"xxxxl":false,"xxxxxl":false,"1536x1536":false,"2048x2048":false,"trp-custom-language-flag":false,"neve-blog":false},"uagb_author_info":{"display_name":"Filip Kuna","author_link":"https:\/\/huszpo.hr\/en\/author\/filip1kuna2\/"},"uagb_comment_info":0,"uagb_excerpt":null,"_links":{"self":[{"href":"https:\/\/huszpo.hr\/en\/wp-json\/wp\/v2\/pages\/1998"}],"collection":[{"href":"https:\/\/huszpo.hr\/en\/wp-json\/wp\/v2\/pages"}],"about":[{"href":"https:\/\/huszpo.hr\/en\/wp-json\/wp\/v2\/types\/page"}],"author":[{"embeddable":true,"href":"https:\/\/huszpo.hr\/en\/wp-json\/wp\/v2\/users\/2"}],"replies":[{"embeddable":true,"href":"https:\/\/huszpo.hr\/en\/wp-json\/wp\/v2\/comments?post=1998"}],"version-history":[{"count":22,"href":"https:\/\/huszpo.hr\/en\/wp-json\/wp\/v2\/pages\/1998\/revisions"}],"predecessor-version":[{"id":2378,"href":"https:\/\/huszpo.hr\/en\/wp-json\/wp\/v2\/pages\/1998\/revisions\/2378"}],"wp:attachment":[{"href":"https:\/\/huszpo.hr\/en\/wp-json\/wp\/v2\/media?parent=1998"}],"curies":[{"name":"wp","href":"https:\/\/api.w.org\/{rel}","templated":true}]}}