{"id":2054,"date":"2022-02-10T18:59:34","date_gmt":"2022-02-10T18:59:34","guid":{"rendered":"http:\/\/localhost\/?page_id=2054"},"modified":"2026-04-28T19:55:13","modified_gmt":"2026-04-28T19:55:13","slug":"o-udruzi","status":"publish","type":"page","link":"https:\/\/huszpo.hr\/en\/o-udruzi\/","title":{"rendered":"About us"},"content":{"rendered":"<p><strong>Croatian Association of Experts in Nature and Environmental Protection (HUSZPO) is a non-governmental and non-profit organization, founded in 2004.<\/strong>&nbsp;Founders are respected legal entities and individuals, all practitioners in the fields of environmental and nature protection.<\/p>\n\n\n\n<p>The purpose of the association is to implement activities that improve knowledge and working conditions in the field of nature and environmental protection, representation of professional interests and improving the dignity of the profession. Through their work at HUSZPO, experts with extensive and many years of experience in providing professional nature and environmental protection services protect the values of knowledge and work on the market, defend the professional reputation and honor of members and the Association, encourage the creation of conditions for professional nature and environmental protection. competition in the market with respect to the principles of freedom to provide services, principles of equal treatment, principles of non-discrimination, principles of mutual recognition and transparency, express views on issues of special public interest, cooperate with other stakeholders in nature and environmental protection and organize and maintain expertise. gatherings on current topics in this area.<\/p>\n\n\n\n<p>In connection with the latter activity, HUSZPO has been holding Cycles of forums in the field of environmental protection, nature protection and energy efficiency for many years (since 2011), through which current topics are addressed by recognized experts in individual fields. Round Table Cycle project (2014-2016) was implemented as part of the application of the Law on Sustainable Waste Management, as part of which roundtables were held throughout the Republic of Croatia, which discussed current topics: Calculation of public mixed municipal collection service waste; Biodegradable municipal waste \u2013 \u201cwhere to go\u201d ?; Waste Management Centers in Croatia; Application of primary recycling. During 2018 HUSZPO organized important events related to the climate change and strategic environmental assessment topics: Round table \u201cClimate change, strategic environmental assessment and physical plans\u201c, and workshops about strategic environmental assessment with participation of county representatives from Croatia. Also, HUSZPO implemented two projects with actual topics \u201cPublic participation in environmental public hearing procedures during pandemic conditions\u201d (2020) and \u201cIntegration of Climate Change into Strategic Environmental Assessment\u201d (2021).<\/p>\n\n\n\n<p>HUSZPO is also the organizer of the Regional Conference on Environmental Impact Assessment, which in its next edition 2022 becomes also the European conference. It is intended for experts and scientists in the field of environmental and nature protection, representatives of administrative bodies, regional and local governments, representatives of international financial institutions and the media and investors. The Conferences held so far have been a great success, given the number of papers submitted and the number of participants from a large number of countries in the region and beyond.<\/p>\n\n\n\n<p>Kako je ve\u0107 navedeno, HUSZPO sura\u0111uje i s drugim dionicima (institucijama, udrugama, savezima)&nbsp; te je tako od 2015. godine HUSZPO postao redovni \u010dlan Hrvatskog in\u017eenjerskog saveza (HIS).<\/p>\n\n\n\n<section class=\"wp-block-uagb-section uagb-section__wrap uagb-section__background-undefined uagb-block-8482ab0f\"><div class=\"uagb-section__overlay\"><\/div><div class=\"uagb-section__inner-wrap\">\n<div class=\"wp-block-columns is-layout-flex wp-container-core-columns-is-layout-9d6595d7 wp-block-columns-is-layout-flex\">\n<div class=\"wp-block-column is-layout-flow wp-block-column-is-layout-flow\" style=\"flex-basis:60%\">\n<h2 class=\"wp-block-heading\" id=\"tijela-upravljanja\">Governance bodies<\/h2>\n\n\n\n<h3 class=\"wp-block-heading\" id=\"skupstina\"><strong>Assembly<\/strong><\/h3>\n\n\n\n<p>HUSZPO Assembly is the highest management body of the organization. The Assembly consists of one representative for every ten regularly capable members of the Association (natural persons), and one representative of each legal regular member of the Association and takes care about the legitimity of its work.<br><\/p>\n\n\n\n<p>Predsjednik Skup\u0161tine je Ivan Sablji\u0107 (CIAN d.o.o.)<\/p>\n\n\n\n<h3 class=\"wp-block-heading\" id=\"upravni-odbor\"><strong>Steering Committee<\/strong><\/h3>\n\n\n\n<p>Steering Committee is executive body of the Association and the highest management body between Assembly sessions. Steering Committee organises functioning of the Association and takes care of the legitimity of its work.<\/p>\n\n\n\n<h4 class=\"wp-block-heading\" id=\"clanovi-upravnog-odbora\">Members of the Steering Committee<\/h4>\n\n\n\n<ul class=\"wp-block-list\">\n<li>MARIO MESARI\u0106, predsjednik (IRES EKOLOGIJA d.o.o.)<\/li>\n\n\n\n<li>IVAN VU\u010cKOVI\u0106 (ELEKTROPROJEKT d.d.)<\/li>\n\n\n\n<li>HRVOJE PETERNEL (GEONATURA d.o.o.)<\/li>\n\n\n\n<li>ILIJA \u0160MITRAN (IND-EKO d.o.o.)<\/li>\n\n\n\n<li>NATALIJA GOLUBOVAC (SAFEGE d.o.o.)<\/li>\n\n\n\n<li>TAMARA MIHINJA\u010c PLE\u0160E (URBANISTI\u010cKI INSTITUT HRVATSKE d.o.o.)<\/li>\n\n\n\n<li>IVANA \u0160ARI\u0106, predstavnik fizi\u010dkih osoba<\/li>\n<\/ul>\n\n\n\n<p><\/p>\n\n\n\n<p><\/p>\n<\/div>\n\n\n\n<div class=\"wp-block-column mobilefull  has-neve-link-color-background-color has-background is-layout-flow wp-block-column-is-layout-flow\" style=\"flex-basis:40%\">\n<section class=\"wp-block-uagb-section uagb-section__wrap uagb-section__background-undefined uagb-block-7d05e8d4\"><div class=\"uagb-section__overlay\"><\/div><div class=\"uagb-section__inner-wrap\">\n<h2 class=\"wp-block-heading\" id=\"dokumentacija-udruge\">Association documentation<\/h2>\n\n\n\n<p><strong>HUSZPO Statute<\/strong>&nbsp;was adopted on 2 September 2015 and is in line with the new Law on Associations (OG 74\/14).&nbsp;<strong>New HUSZPO Statute<\/strong>&nbsp;with amendments was adopted on 10 December 2019<\/p>\n\n\n\n<p class=\"has-neve-link-hover-color-color has-text-color\"><a href=\"http:\/\/huszpo.hr\/wp-content\/uploads\/2021\/01\/Statut-HUSZPO-2019_final_scan.pdf\"><u><strong><span style=\"color: var(--nv-secondary-accent);\" class=\"stk-highlight\">New HUSZPO Statute<\/span><\/strong><\/u><\/a><\/p>\n\n\n\n<p><a href=\"http:\/\/huszpo.hr\/wp-content\/uploads\/2021\/03\/Odluka-o-izmjenama-i-dopunama-Statuta_HUSZPO_2020.pdf\"><strong><span style=\"color: var(--nv-secondary-accent);\" class=\"stk-highlight\">Amendments to the HUSZPO Statute 2020<\/span><\/strong><\/a><\/p>\n\n\n\n<p><strong>The Rules of Procedure of the HUSZPO Assembly<\/strong>&nbsp;were adopted on 10 December 2019<\/p>\n\n\n\n<p><a href=\"http:\/\/huszpo.hr\/wp-content\/uploads\/2021\/01\/Poslovnik-o-radu-skupstine-HUSZPO_final_scan.pdf\"><strong><span style=\"color: var(--nv-secondary-accent);\" class=\"stk-highlight\">Rules of Procedure of the Assembly<\/span><\/strong><\/a><\/p>\n\n\n\n<p>On the basis of the provisions of the HUSZPO Statute, in 2014 HUSZPO adopted&nbsp;<strong>the Code of Ethics of the Croatian Association of Experts in Nature and Environmental Protection<\/strong><\/p>\n\n\n\n<p><a href=\"http:\/\/huszpo.hr\/wp-content\/uploads\/2021\/01\/Eticki-kodeks_HUSZPO_18_12_14.pdf\"><span style=\"color: var(--nv-secondary-accent);\" class=\"stk-highlight\"><strong>Code of Ethics<\/strong><\/span><\/a><\/p>\n<\/div><\/section>\n<\/div>\n<\/div>\n<\/div><\/section>","protected":false},"excerpt":{"rendered":"<p>Hrvatska udruga stru\u010dnjaka za\u0161tite prirode i okoli\u0161a (HUSZPO) je nevladina i neprofitna&nbsp;institucija osnovana 2004. godine.&nbsp;Utemeljitelji su pravne i&nbsp;fizi\u010dke osobe koje se isklju\u010divo profesionalno bave za\u0161titom prirode i okoli\u0161a. Svrha udruge je provo\u0111enje aktivnosti koje unapre\u0111uju znanja i uvjete rada u podru\u010dju za\u0161tite prirode i okoli\u0161a, zastupanje strukovnih interesa te unaprje\u0111ivanje dostojanstva struke. Kroz rad&nbsp;u HUSZPO&hellip;&nbsp;<a href=\"https:\/\/huszpo.hr\/en\/o-udruzi\/\" rel=\"bookmark\">Read More &raquo;<span class=\"screen-reader-text\">About us<\/span><\/a><\/p>","protected":false},"author":2,"featured_media":0,"parent":0,"menu_order":0,"comment_status":"closed","ping_status":"closed","template":"","meta":{"_uag_custom_page_level_css":"","neve_meta_sidebar":"","neve_meta_container":"","neve_meta_enable_content_width":"","neve_meta_content_width":0,"neve_meta_title_alignment":"","neve_meta_author_avatar":"","neve_post_elements_order":"","neve_meta_disable_header":"","neve_meta_disable_footer":"","neve_meta_disable_title":"","footnotes":""},"class_list":["post-2054","page","type-page","status-publish","hentry"],"yoast_head":"<!-- This site is optimized with the Yoast SEO plugin v27.5 - https:\/\/yoast.com\/product\/yoast-seo-wordpress\/ -->\n<title>O udruzi - HUSZPO<\/title>\n<meta name=\"description\" content=\"Hrvatska udruga stru\u010dnjaka za\u0161tite prirode i okoli\u0161a (HUSZPO) je nevladina i neprofitna\u00a0institucija osnovana 2004. godine.\" \/>\n<meta name=\"robots\" content=\"noindex, follow\" \/>\n<meta property=\"og:locale\" content=\"en_US\" \/>\n<meta property=\"og:type\" content=\"article\" \/>\n<meta property=\"og:title\" content=\"O udruzi - HUSZPO\" \/>\n<meta property=\"og:description\" content=\"Hrvatska udruga stru\u010dnjaka za\u0161tite prirode i okoli\u0161a (HUSZPO) je nevladina i neprofitna\u00a0institucija osnovana 2004. godine.\" \/>\n<meta property=\"og:url\" content=\"https:\/\/huszpo.hr\/en\/o-udruzi\/\" \/>\n<meta property=\"og:site_name\" content=\"HUSZPO\" \/>\n<meta property=\"article:publisher\" content=\"https:\/\/www.facebook.com\/HUSZPO-107221977694653\" \/>\n<meta property=\"article:modified_time\" content=\"2026-04-28T19:55:13+00:00\" \/>\n<meta name=\"twitter:card\" content=\"summary_large_image\" \/>\n<meta name=\"twitter:site\" content=\"@huszpo\" \/>\n<meta name=\"twitter:label1\" content=\"Est. reading time\" \/>\n\t<meta name=\"twitter:data1\" content=\"4 minutes\" \/>\n<script type=\"application\/ld+json\" class=\"yoast-schema-graph\">{\"@context\":\"https:\\\/\\\/schema.org\",\"@graph\":[{\"@type\":\"WebPage\",\"@id\":\"https:\\\/\\\/huszpo.hr\\\/o-udruzi\\\/\",\"url\":\"https:\\\/\\\/huszpo.hr\\\/o-udruzi\\\/\",\"name\":\"O udruzi - HUSZPO\",\"isPartOf\":{\"@id\":\"https:\\\/\\\/huszpo.hr\\\/#website\"},\"datePublished\":\"2022-02-10T18:59:34+00:00\",\"dateModified\":\"2026-04-28T19:55:13+00:00\",\"description\":\"Hrvatska udruga stru\u010dnjaka za\u0161tite prirode i okoli\u0161a (HUSZPO) je nevladina i neprofitna\u00a0institucija osnovana 2004. godine.\",\"breadcrumb\":{\"@id\":\"https:\\\/\\\/huszpo.hr\\\/o-udruzi\\\/#breadcrumb\"},\"inLanguage\":\"en-US\",\"potentialAction\":[{\"@type\":\"ReadAction\",\"target\":[\"https:\\\/\\\/huszpo.hr\\\/o-udruzi\\\/\"]}]},{\"@type\":\"BreadcrumbList\",\"@id\":\"https:\\\/\\\/huszpo.hr\\\/o-udruzi\\\/#breadcrumb\",\"itemListElement\":[{\"@type\":\"ListItem\",\"position\":1,\"name\":\"Po\u010detna stranica\",\"item\":\"https:\\\/\\\/huszpo.hr\\\/\"},{\"@type\":\"ListItem\",\"position\":2,\"name\":\"O udruzi\"}]},{\"@type\":\"WebSite\",\"@id\":\"https:\\\/\\\/huszpo.hr\\\/#website\",\"url\":\"https:\\\/\\\/huszpo.hr\\\/\",\"name\":\"HUSZPO\",\"description\":\"\",\"publisher\":{\"@id\":\"https:\\\/\\\/huszpo.hr\\\/#organization\"},\"potentialAction\":[{\"@type\":\"SearchAction\",\"target\":{\"@type\":\"EntryPoint\",\"urlTemplate\":\"https:\\\/\\\/huszpo.hr\\\/?s={search_term_string}\"},\"query-input\":{\"@type\":\"PropertyValueSpecification\",\"valueRequired\":true,\"valueName\":\"search_term_string\"}}],\"inLanguage\":\"en-US\"},{\"@type\":\"Organization\",\"@id\":\"https:\\\/\\\/huszpo.hr\\\/#organization\",\"name\":\"HUSZPO\",\"url\":\"https:\\\/\\\/huszpo.hr\\\/\",\"logo\":{\"@type\":\"ImageObject\",\"inLanguage\":\"en-US\",\"@id\":\"https:\\\/\\\/huszpo.hr\\\/#\\\/schema\\\/logo\\\/image\\\/\",\"url\":\"http:\\\/\\\/localhost\\\/wp-content\\\/uploads\\\/2020\\\/08\\\/vlxssa_O_400x400.jpg\",\"contentUrl\":\"http:\\\/\\\/localhost\\\/wp-content\\\/uploads\\\/2020\\\/08\\\/vlxssa_O_400x400.jpg\",\"width\":400,\"height\":400,\"caption\":\"HUSZPO\"},\"image\":{\"@id\":\"https:\\\/\\\/huszpo.hr\\\/#\\\/schema\\\/logo\\\/image\\\/\"},\"sameAs\":[\"https:\\\/\\\/www.facebook.com\\\/HUSZPO-107221977694653\",\"https:\\\/\\\/x.com\\\/huszpo\"]}]}<\/script>\n<!-- \/ Yoast SEO plugin. -->","yoast_head_json":{"title":"O udruzi - HUSZPO","description":"Hrvatska udruga stru\u010dnjaka za\u0161tite prirode i okoli\u0161a (HUSZPO) je nevladina i neprofitna\u00a0institucija osnovana 2004. godine.","robots":{"index":"noindex","follow":"follow"},"og_locale":"en_US","og_type":"article","og_title":"O udruzi - HUSZPO","og_description":"Hrvatska udruga stru\u010dnjaka za\u0161tite prirode i okoli\u0161a (HUSZPO) je nevladina i neprofitna\u00a0institucija osnovana 2004. godine.","og_url":"https:\/\/huszpo.hr\/en\/o-udruzi\/","og_site_name":"HUSZPO","article_publisher":"https:\/\/www.facebook.com\/HUSZPO-107221977694653","article_modified_time":"2026-04-28T19:55:13+00:00","twitter_card":"summary_large_image","twitter_site":"@huszpo","twitter_misc":{"Est. reading time":"4 minutes"},"schema":{"@context":"https:\/\/schema.org","@graph":[{"@type":"WebPage","@id":"https:\/\/huszpo.hr\/o-udruzi\/","url":"https:\/\/huszpo.hr\/o-udruzi\/","name":"O udruzi - HUSZPO","isPartOf":{"@id":"https:\/\/huszpo.hr\/#website"},"datePublished":"2022-02-10T18:59:34+00:00","dateModified":"2026-04-28T19:55:13+00:00","description":"Hrvatska udruga stru\u010dnjaka za\u0161tite prirode i okoli\u0161a (HUSZPO) je nevladina i neprofitna\u00a0institucija osnovana 2004. godine.","breadcrumb":{"@id":"https:\/\/huszpo.hr\/o-udruzi\/#breadcrumb"},"inLanguage":"en-US","potentialAction":[{"@type":"ReadAction","target":["https:\/\/huszpo.hr\/o-udruzi\/"]}]},{"@type":"BreadcrumbList","@id":"https:\/\/huszpo.hr\/o-udruzi\/#breadcrumb","itemListElement":[{"@type":"ListItem","position":1,"name":"Po\u010detna stranica","item":"https:\/\/huszpo.hr\/"},{"@type":"ListItem","position":2,"name":"O udruzi"}]},{"@type":"WebSite","@id":"https:\/\/huszpo.hr\/#website","url":"https:\/\/huszpo.hr\/","name":"HUSZPO","description":"","publisher":{"@id":"https:\/\/huszpo.hr\/#organization"},"potentialAction":[{"@type":"SearchAction","target":{"@type":"EntryPoint","urlTemplate":"https:\/\/huszpo.hr\/?s={search_term_string}"},"query-input":{"@type":"PropertyValueSpecification","valueRequired":true,"valueName":"search_term_string"}}],"inLanguage":"en-US"},{"@type":"Organization","@id":"https:\/\/huszpo.hr\/#organization","name":"HUSZPO","url":"https:\/\/huszpo.hr\/","logo":{"@type":"ImageObject","inLanguage":"en-US","@id":"https:\/\/huszpo.hr\/#\/schema\/logo\/image\/","url":"http:\/\/localhost\/wp-content\/uploads\/2020\/08\/vlxssa_O_400x400.jpg","contentUrl":"http:\/\/localhost\/wp-content\/uploads\/2020\/08\/vlxssa_O_400x400.jpg","width":400,"height":400,"caption":"HUSZPO"},"image":{"@id":"https:\/\/huszpo.hr\/#\/schema\/logo\/image\/"},"sameAs":["https:\/\/www.facebook.com\/HUSZPO-107221977694653","https:\/\/x.com\/huszpo"]}]}},"uagb_featured_image_src":{"full":false,"thumbnail":false,"medium":false,"medium_large":false,"large":false,"xl":false,"xxl":false,"xxxl":false,"xxxxl":false,"xxxxxl":false,"1536x1536":false,"2048x2048":false,"trp-custom-language-flag":false,"neve-blog":false},"uagb_author_info":{"display_name":"Filip Kuna","author_link":"https:\/\/huszpo.hr\/en\/author\/filip1kuna2\/"},"uagb_comment_info":0,"uagb_excerpt":"Hrvatska udruga stru\u010dnjaka za\u0161tite prirode i okoli\u0161a (HUSZPO) je nevladina i neprofitna&nbsp;institucija osnovana 2004. godine.&nbsp;Utemeljitelji su pravne i&nbsp;fizi\u010dke osobe koje se isklju\u010divo profesionalno bave za\u0161titom prirode i okoli\u0161a. Svrha udruge je provo\u0111enje aktivnosti koje unapre\u0111uju znanja i uvjete rada u podru\u010dju za\u0161tite prirode i okoli\u0161a, zastupanje strukovnih interesa te unaprje\u0111ivanje dostojanstva struke. Kroz rad&nbsp;u HUSZPO&hellip;&nbsp;Read&hellip;","_links":{"self":[{"href":"https:\/\/huszpo.hr\/en\/wp-json\/wp\/v2\/pages\/2054","targetHints":{"allow":["GET"]}}],"collection":[{"href":"https:\/\/huszpo.hr\/en\/wp-json\/wp\/v2\/pages"}],"about":[{"href":"https:\/\/huszpo.hr\/en\/wp-json\/wp\/v2\/types\/page"}],"author":[{"embeddable":true,"href":"https:\/\/huszpo.hr\/en\/wp-json\/wp\/v2\/users\/2"}],"replies":[{"embeddable":true,"href":"https:\/\/huszpo.hr\/en\/wp-json\/wp\/v2\/comments?post=2054"}],"version-history":[{"count":23,"href":"https:\/\/huszpo.hr\/en\/wp-json\/wp\/v2\/pages\/2054\/revisions"}],"predecessor-version":[{"id":2488,"href":"https:\/\/huszpo.hr\/en\/wp-json\/wp\/v2\/pages\/2054\/revisions\/2488"}],"wp:attachment":[{"href":"https:\/\/huszpo.hr\/en\/wp-json\/wp\/v2\/media?parent=2054"}],"curies":[{"name":"wp","href":"https:\/\/api.w.org\/{rel}","templated":true}]}}